{"id":956,"date":"2018-10-12T14:00:36","date_gmt":"2018-10-12T12:00:36","guid":{"rendered":"http:\/\/www.olafixar.nu\/?page_id=60"},"modified":"2024-05-07T12:55:55","modified_gmt":"2024-05-07T10:55:55","slug":"klubbfakta-2","status":"publish","type":"page","link":"https:\/\/treaviatorer.se\/?page_id=956","title":{"rendered":"Klubbfakta"},"content":{"rendered":"<p>&nbsp;<\/p>\r\n\r\n<p>Modellklubben III Aviat\u00f6rer bildades 1993. Vi sysslar med radiostyrda modellflygplan, bygger och flyger dem. Klubben har ett tjugotal medlemmar i alla \u00e5ldrar fr\u00e5n junior, till pension\u00e4r.<\/p>\r\n\r\n\r\n\r\n<p>Skolflygning med l\u00e4rare och dubbelkommando genomf\u00f6rs efter \u00f6verenskommelse med l\u00e4raren, annars flyger vi kv\u00e4llar och helger n\u00e4r v\u00e4dret till\u00e5ter. <a href=\"http:\/\/www.treaviatorer.se\/?page_id=740\">F\u00f6r mer info klicka h\u00e4r.<\/a><\/p>\r\n\r\n\r\n\r\n<p>Du \u00e4r v\u00e4lkommen att bes\u00f6ka oss. Vi brukar skriva ett inl\u00e4gg p\u00e5 v\u00e5r Facebooksida n\u00e4r vi \u00e4r p\u00e5 f\u00e4ltet. Under vinterhalv\u00e5ret kan du hitta oss i Hammenh\u00f6gsskolans gymnastiksal p\u00e5 l\u00f6rdagar kl. 15- 18.<\/p>\r\n<p><a href=\"https:\/\/treaviatorer.se\/wp-content\/uploads\/2024\/05\/Stadgar-for-MK-Tre-Aviatorer.pdf\" target=\"_blank\" rel=\"noopener\">Klicka h\u00e4r f\u00f6r att se v\u00e5ra stadgar.<\/a><\/p>\r\n\r\n\r\n\r\n<p><strong>Bankgiro: 5288-3592<br \/><strong>SWISH: 123 372 1909<\/strong> <\/strong><\/p>\r\n\r\n\r\n\r\n<p>&nbsp;<\/p>\r\n\r\n<p>&nbsp;<\/p>","protected":false},"excerpt":{"rendered":"<p>&nbsp; Modellklubben III Aviat\u00f6rer bildades 1993. Vi sysslar med radiostyrda modellflygplan, bygger och flyger dem. Klubben har ett tjugotal medlemmar i alla \u00e5ldrar fr\u00e5n junior, till pension\u00e4r. Skolflygning med l\u00e4rare och dubbelkommando genomf\u00f6rs efter \u00f6verenskommelse med l\u00e4raren, annars flyger vi kv\u00e4llar och helger n\u00e4r v\u00e4dret till\u00e5ter. F\u00f6r mer info klicka <a href=\"https:\/\/treaviatorer.se\/?page_id=956\" class=\"btn btn-link continue-link\">Forts\u00e4tt l\u00e4sa<\/a><\/p>\n","protected":false},"author":1,"featured_media":0,"parent":0,"menu_order":0,"comment_status":"closed","ping_status":"closed","template":"","meta":{"footnotes":""},"class_list":["post-956","page","type-page","status-publish","hentry"],"_links":{"self":[{"href":"https:\/\/treaviatorer.se\/index.php?rest_route=\/wp\/v2\/pages\/956","targetHints":{"allow":["GET"]}}],"collection":[{"href":"https:\/\/treaviatorer.se\/index.php?rest_route=\/wp\/v2\/pages"}],"about":[{"href":"https:\/\/treaviatorer.se\/index.php?rest_route=\/wp\/v2\/types\/page"}],"author":[{"embeddable":true,"href":"https:\/\/treaviatorer.se\/index.php?rest_route=\/wp\/v2\/users\/1"}],"replies":[{"embeddable":true,"href":"https:\/\/treaviatorer.se\/index.php?rest_route=%2Fwp%2Fv2%2Fcomments&post=956"}],"version-history":[{"count":6,"href":"https:\/\/treaviatorer.se\/index.php?rest_route=\/wp\/v2\/pages\/956\/revisions"}],"predecessor-version":[{"id":1751,"href":"https:\/\/treaviatorer.se\/index.php?rest_route=\/wp\/v2\/pages\/956\/revisions\/1751"}],"wp:attachment":[{"href":"https:\/\/treaviatorer.se\/index.php?rest_route=%2Fwp%2Fv2%2Fmedia&parent=956"}],"curies":[{"name":"wp","href":"https:\/\/api.w.org\/{rel}","templated":true}]}}