{"id":844,"date":"2019-03-15T11:09:27","date_gmt":"2019-03-15T10:09:27","guid":{"rendered":"http:\/\/www.olafixar.nu\/?page_id=844"},"modified":"2022-04-14T18:00:37","modified_gmt":"2022-04-14T16:00:37","slug":"fpv","status":"publish","type":"page","link":"https:\/\/treaviatorer.se\/?page_id=844","title":{"rendered":"FPV och dr\u00f6nare"},"content":{"rendered":"<p>FPV, first person view blir allt popul\u00e4rare. Flygplanet eller dr\u00f6naren \u00e4r utrustad med en kamera och en videos\u00e4ndare som s\u00e4nder video i realtid till en mottagare som \u00e4r kopplad till en sk\u00e4rm eller ett par videoglas\u00f6gon. Piloten ser vad kameran i planet ser.<\/p>\n<p><img loading=\"lazy\" decoding=\"async\" class=\"size-full wp-image-1553 alignnone\" src=\"http:\/\/www.treaviatorer.se\/wp-content\/uploads\/2022\/04\/fpv-goggles.jpg\" alt=\"\" width=\"566\" height=\"415\" srcset=\"https:\/\/treaviatorer.se\/wp-content\/uploads\/2022\/04\/fpv-goggles.jpg 566w, https:\/\/treaviatorer.se\/wp-content\/uploads\/2022\/04\/fpv-goggles-300x220.jpg 300w\" sizes=\"auto, (max-width: 566px) 100vw, 566px\" \/><\/p>\n<p><img loading=\"lazy\" decoding=\"async\" class=\"wp-image-1555 alignnone\" src=\"http:\/\/www.treaviatorer.se\/wp-content\/uploads\/2022\/04\/racing-drone.webp\" alt=\"\" width=\"600\" height=\"600\" srcset=\"https:\/\/treaviatorer.se\/wp-content\/uploads\/2022\/04\/racing-drone.webp 1000w, https:\/\/treaviatorer.se\/wp-content\/uploads\/2022\/04\/racing-drone-300x300.webp 300w, https:\/\/treaviatorer.se\/wp-content\/uploads\/2022\/04\/racing-drone-150x150.webp 150w, https:\/\/treaviatorer.se\/wp-content\/uploads\/2022\/04\/racing-drone-768x768.webp 768w, https:\/\/treaviatorer.se\/wp-content\/uploads\/2022\/04\/racing-drone-720x720.webp 720w\" sizes=\"auto, (max-width: 600px) 100vw, 600px\" \/><br \/>\nDet t\u00e4vlas i det som kallas drone racing. Internationellt har det blivit stort och i Sverige b\u00f6rjar det komma. Vi har tom SM och en cup i drone racing. T\u00e4vlingarna k\u00f6rs i stora hallar och dr\u00f6narna \u00e4r f\u00f6rsedda med starka led lampor. Det blir v\u00e4ldigt effektfullt. De internationella dr\u00f6nar piloterna ing\u00e5r i professionella team som finansieras av olika sponsorer. Vi har flera svenskar som har haft stora framg\u00e5ngar internationellt.<\/p>\n<p>Det g\u00e5r att k\u00f6pa en f\u00e4rdig dr\u00f6nare men m\u00e5nga f\u00f6rdrar att bygga en sj\u00e4lva. Det \u00e4r m\u00e5nga komponenter som ing\u00e5r i en dr\u00f6nar f\u00f6rutom video utrustningen. F\u00f6r att den ska flyga stabilt och vara l\u00e4tt att man\u00f6vrera s\u00e5 beh\u00f6ver man en avancerad flightcontroller. Det finns massor av information p\u00e5 n\u00e4tet om hur man g\u00f6r f\u00f6r att bygga sin egen dr\u00f6nare.<\/p>\n<p>&nbsp;<\/p>\n<p><img loading=\"lazy\" decoding=\"async\" class=\"size-medium wp-image-1556 alignnone\" src=\"http:\/\/www.treaviatorer.se\/wp-content\/uploads\/2022\/04\/dronare-300x300.webp\" alt=\"\" width=\"300\" height=\"300\" srcset=\"https:\/\/treaviatorer.se\/wp-content\/uploads\/2022\/04\/dronare-300x300.webp 300w, https:\/\/treaviatorer.se\/wp-content\/uploads\/2022\/04\/dronare-150x150.webp 150w, https:\/\/treaviatorer.se\/wp-content\/uploads\/2022\/04\/dronare-768x768.webp 768w, https:\/\/treaviatorer.se\/wp-content\/uploads\/2022\/04\/dronare-720x720.webp 720w, https:\/\/treaviatorer.se\/wp-content\/uploads\/2022\/04\/dronare.webp 1000w\" sizes=\"auto, (max-width: 300px) 100vw, 300px\" \/><br \/>\nSedan har vi dr\u00f6nare med vingar som kan anv\u00e4ndas till olika saker som flygfotografering mm.<\/p>\n<p>&nbsp;<\/p>\n","protected":false},"excerpt":{"rendered":"<p>FPV, first person view blir allt popul\u00e4rare. Flygplanet eller dr\u00f6naren \u00e4r utrustad med en kamera och en videos\u00e4ndare som s\u00e4nder video i realtid till en mottagare som \u00e4r kopplad till en sk\u00e4rm eller ett par videoglas\u00f6gon. Piloten ser vad kameran i planet ser. Det t\u00e4vlas i det som kallas drone <a href=\"https:\/\/treaviatorer.se\/?page_id=844\" class=\"btn btn-link continue-link\">Forts\u00e4tt l\u00e4sa<\/a><\/p>\n","protected":false},"author":1,"featured_media":0,"parent":749,"menu_order":0,"comment_status":"closed","ping_status":"closed","template":"","meta":{"footnotes":""},"class_list":["post-844","page","type-page","status-publish","hentry"],"_links":{"self":[{"href":"https:\/\/treaviatorer.se\/index.php?rest_route=\/wp\/v2\/pages\/844","targetHints":{"allow":["GET"]}}],"collection":[{"href":"https:\/\/treaviatorer.se\/index.php?rest_route=\/wp\/v2\/pages"}],"about":[{"href":"https:\/\/treaviatorer.se\/index.php?rest_route=\/wp\/v2\/types\/page"}],"author":[{"embeddable":true,"href":"https:\/\/treaviatorer.se\/index.php?rest_route=\/wp\/v2\/users\/1"}],"replies":[{"embeddable":true,"href":"https:\/\/treaviatorer.se\/index.php?rest_route=%2Fwp%2Fv2%2Fcomments&post=844"}],"version-history":[{"count":2,"href":"https:\/\/treaviatorer.se\/index.php?rest_route=\/wp\/v2\/pages\/844\/revisions"}],"predecessor-version":[{"id":1557,"href":"https:\/\/treaviatorer.se\/index.php?rest_route=\/wp\/v2\/pages\/844\/revisions\/1557"}],"up":[{"embeddable":true,"href":"https:\/\/treaviatorer.se\/index.php?rest_route=\/wp\/v2\/pages\/749"}],"wp:attachment":[{"href":"https:\/\/treaviatorer.se\/index.php?rest_route=%2Fwp%2Fv2%2Fmedia&parent=844"}],"curies":[{"name":"wp","href":"https:\/\/api.w.org\/{rel}","templated":true}]}}