{"id":84,"date":"2018-10-12T23:44:27","date_gmt":"2018-10-12T21:44:27","guid":{"rendered":"http:\/\/www.olafixar.nu\/?page_id=84"},"modified":"2025-11-07T20:43:27","modified_gmt":"2025-11-07T19:43:27","slug":"faltet","status":"publish","type":"page","link":"https:\/\/treaviatorer.se\/?page_id=84","title":{"rendered":"F\u00e4ltet och regler"},"content":{"rendered":"\r\n<p><br \/>V\u00e5rt flygf\u00e4lt Janlanda ligger utmed v\u00e4gen mellan Kivik och Br\u00f6sarp, mot Vitaby enligt karta. F\u00e4ltet ligger p\u00e5 kordinaterna 55.69,93,05 N \u00a0 14.18,66,06 E \u00a025 meter \u00f6ver havet.<\/p>\r\n\r\n\r\n\r\n<div class=\"wp-block-image\">\r\n<figure>\r\n<figcaption><img loading=\"lazy\" decoding=\"async\" class=\"wp-image-92 size-full alignnone\" src=\"https:\/\/treaviatorer.se\/wp-content\/uploads\/2018\/10\/karta.gif\" alt=\"\" width=\"356\" height=\"261\" \/><br \/>Kartan<br \/><br \/><img loading=\"lazy\" decoding=\"async\" class=\"wp-image-86 size-large alignnone\" src=\"https:\/\/treaviatorer.se\/wp-content\/uploads\/2018\/10\/DJI_0009-1024x767.jpg\" alt=\"\" width=\"640\" height=\"479\" srcset=\"https:\/\/treaviatorer.se\/wp-content\/uploads\/2018\/10\/DJI_0009-1024x767.jpg 1024w, https:\/\/treaviatorer.se\/wp-content\/uploads\/2018\/10\/DJI_0009-300x225.jpg 300w, https:\/\/treaviatorer.se\/wp-content\/uploads\/2018\/10\/DJI_0009-768x576.jpg 768w\" sizes=\"auto, (max-width: 640px) 100vw, 640px\" \/><br \/>F\u00e4ltet fr\u00e5n ovan.<br \/><br \/><br \/><img loading=\"lazy\" decoding=\"async\" class=\"alignnone wp-image-89 size-large\" src=\"https:\/\/treaviatorer.se\/wp-content\/uploads\/2018\/10\/google-sat-1024x801.jpg\" alt=\"\" width=\"640\" height=\"501\" srcset=\"https:\/\/treaviatorer.se\/wp-content\/uploads\/2018\/10\/google-sat-1024x801.jpg 1024w, https:\/\/treaviatorer.se\/wp-content\/uploads\/2018\/10\/google-sat-300x235.jpg 300w, https:\/\/treaviatorer.se\/wp-content\/uploads\/2018\/10\/google-sat-768x601.jpg 768w, https:\/\/treaviatorer.se\/wp-content\/uploads\/2018\/10\/google-sat.jpg 1205w\" sizes=\"auto, (max-width: 640px) 100vw, 640px\" \/><br \/>Satellitbild fr\u00e5n Google maps. Copyright Google<br \/><br \/><br \/><\/figcaption>\r\nEn liten film fr\u00e5n Janlanda, ett f\u00f6rsta f\u00f6rs\u00f6k.<\/figure>\r\n<\/div>\r\n\r\n\r\n\r\n\r\n\r\n\r\n\r\n\r\n\r\n\r\n\r\n<p>&nbsp;<\/p>\r\n<h2><strong>F\u00e4ltregler och flygomr\u00e5de<\/strong><\/h2>\r\n\r\n\r\n\r\n<div class=\"wp-block-image\">\r\n<figure class=\"aligncenter\">\r\n<figure id=\"attachment_135\" aria-describedby=\"caption-attachment-135\" style=\"width: 736px\" class=\"wp-caption alignnone\"><img loading=\"lazy\" decoding=\"async\" class=\"wp-image-135 size-full\" src=\"https:\/\/treaviatorer.se\/wp-content\/uploads\/2018\/10\/flygomr-small-e1610013247731.jpg\" alt=\"\" width=\"736\" height=\"562\" srcset=\"https:\/\/treaviatorer.se\/wp-content\/uploads\/2018\/10\/flygomr-small-e1610013247731.jpg 736w, https:\/\/treaviatorer.se\/wp-content\/uploads\/2018\/10\/flygomr-small-e1610013247731-300x229.jpg 300w\" sizes=\"auto, (max-width: 736px) 100vw, 736px\" \/><figcaption id=\"caption-attachment-135\" class=\"wp-caption-text\">Flygomr\u00e5de<\/figcaption><\/figure>\r\n<p><br \/>Flygomr\u00e5de<\/p>\r\n<\/figure>\r\n<\/div>\r\n\r\n\r\n\r\n<p><strong>S\u00e4kerhetsbest\u00e4mmelser.<\/strong><\/p>\r\n\r\n\r\n\r\n<p>1. F\u00f6r flygning kr\u00e4vs att modellen \u00e4r m\u00e4rkt med operat\u00f6rsid och medlemskap i antingen SMFF eller RCFF. Flygning utan s\u00e5dant medlemskap f\u00e5r endast ske i samband med skolning\/\u00f6vning under en medlems handledning. <br \/>2. S\u00e4ndare p\u00e5 andra band \u00e4n 2,4 Ghz f\u00e5r endast startas n\u00e4r r\u00e4tt frekvenskl\u00e4mma innehas. D\u00e5 s\u00e4ndaren inte anv\u00e4nds skall den f\u00f6rvaras p\u00e5 angiven plats. <br \/>3. Modellen skall vara luftv\u00e4rdig. S\u00e4kerhetsansvarig eller styrelsen har r\u00e4tt att f\u00f6rklara modellen inte luftv\u00e4rdig. <br \/>4. Med dep\u00e5 menas omr\u00e5det innanf\u00f6r staketet. <br \/>5. F\u00e4ltl\u00e5da och annan utrustning skall f\u00f6rvaras i dep\u00e5n under flygning. <br \/>6. Taxning i dep\u00e5n \u00e4r inte till\u00e5tet. <br \/>7. Maxvarvning av motorer f\u00e5r inte ske i dep\u00e5n. B\u00e4nkk\u00f6rning av motorer ska ske v\u00e4ster om dep\u00e5n. <br \/>8. \u00c5sk\u00e5dare f\u00e5r inte vistas i flygomr\u00e5de eller dep\u00e5. <br \/>9. All flygning \u00f6ver eller emot dep\u00e5omr\u00e5de, \u00e5sk\u00e5dare och parkering \u00e4r f\u00f6rbjuden. <br \/>10. Under flygning skall piloterna st\u00e5 tillsammans p\u00e5 ett st\u00e4lle, s\u00e5 kallad pilotruta. Den pilot som g\u00e5r ut f\u00f6rst v\u00e4ljer plats. Hela str\u00e4ckan fr\u00e5n dep\u00e5n till v\u00e4gen l\u00e4ngs f\u00e4ltets s\u00f6dra sida kan anv\u00e4ndas. Pilot skall tydligt ropa ut &#8221; Jag startar &#8221;, &#8221; Jag landar &#8221; och &#8221; N\u00f6dlandning &#8221;. Efter landning skall piloten skyndsamt l\u00e4mna banan. <br \/>11. Helikoptertrimmning och hovring f\u00e5r inte ske i dep\u00e5n. Helikopterpilot skall vid trimmning och hovring st\u00e5 mellan modell och dep\u00e5. Helikopter skall b\u00e4ras ut till banan. Vid flygning med helikopter skall piloten st\u00e5 i pilotrutan och f\u00f6lja reglerna f\u00f6r motorplan. <br \/>12. Vid skolflygning best\u00e4mmer flygl\u00e4raren om andra f\u00e5r flyga samtidigt. <br \/>13. Du skall parkera p\u00e5 parkeringsplatsen. Du f\u00e5r k\u00f6ra fram f\u00f6r lossning\/lastning. <br \/>14. Vid t\u00e4vlingar\/meeting kan t\u00e4vlingsledare meddela avsteg\/till\u00e4gg fr\u00e5n ovanst\u00e5ende regler.<\/p>\r\n\r\n\r\n\r\n<p><a href=\"https:\/\/treaviatorer.se\/wp-content\/uploads\/2021\/01\/RCFF-SMFF-regler-v-1.4.2-2021.pdf\" target=\"_blank\" rel=\"noopener noreferrer\">Sedan har vi de generella reglerna f\u00f6r modellflyg h\u00e4r.<\/a><\/p>\r\n","protected":false},"excerpt":{"rendered":"<p>V\u00e5rt flygf\u00e4lt Janlanda ligger utmed v\u00e4gen mellan Kivik och Br\u00f6sarp, mot Vitaby enligt karta. F\u00e4ltet ligger p\u00e5 kordinaterna 55.69,93,05 N \u00a0 14.18,66,06 E \u00a025 meter \u00f6ver havet. &nbsp; F\u00e4ltregler och flygomr\u00e5de S\u00e4kerhetsbest\u00e4mmelser. 1. F\u00f6r flygning kr\u00e4vs att modellen \u00e4r m\u00e4rkt med operat\u00f6rsid och medlemskap i antingen SMFF eller RCFF. Flygning <a href=\"https:\/\/treaviatorer.se\/?page_id=84\" class=\"btn btn-link continue-link\">Forts\u00e4tt l\u00e4sa<\/a><\/p>\n","protected":false},"author":1,"featured_media":0,"parent":0,"menu_order":0,"comment_status":"closed","ping_status":"closed","template":"","meta":{"footnotes":""},"class_list":["post-84","page","type-page","status-publish","hentry"],"_links":{"self":[{"href":"https:\/\/treaviatorer.se\/index.php?rest_route=\/wp\/v2\/pages\/84","targetHints":{"allow":["GET"]}}],"collection":[{"href":"https:\/\/treaviatorer.se\/index.php?rest_route=\/wp\/v2\/pages"}],"about":[{"href":"https:\/\/treaviatorer.se\/index.php?rest_route=\/wp\/v2\/types\/page"}],"author":[{"embeddable":true,"href":"https:\/\/treaviatorer.se\/index.php?rest_route=\/wp\/v2\/users\/1"}],"replies":[{"embeddable":true,"href":"https:\/\/treaviatorer.se\/index.php?rest_route=%2Fwp%2Fv2%2Fcomments&post=84"}],"version-history":[{"count":30,"href":"https:\/\/treaviatorer.se\/index.php?rest_route=\/wp\/v2\/pages\/84\/revisions"}],"predecessor-version":[{"id":1831,"href":"https:\/\/treaviatorer.se\/index.php?rest_route=\/wp\/v2\/pages\/84\/revisions\/1831"}],"wp:attachment":[{"href":"https:\/\/treaviatorer.se\/index.php?rest_route=%2Fwp%2Fv2%2Fmedia&parent=84"}],"curies":[{"name":"wp","href":"https:\/\/api.w.org\/{rel}","templated":true}]}}