{"id":777,"date":"2019-03-13T13:18:24","date_gmt":"2019-03-13T12:18:24","guid":{"rendered":"http:\/\/www.olafixar.nu\/?page_id=777"},"modified":"2019-03-13T13:18:24","modified_gmt":"2019-03-13T12:18:24","slug":"forsakringar","status":"publish","type":"page","link":"https:\/\/treaviatorer.se\/?page_id=777","title":{"rendered":"F\u00f6rs\u00e4kringar"},"content":{"rendered":"<p>\t\t\t\tDu beh\u00f6ver vara f\u00f6rs\u00e4krad. Om du \u00e4r medlem i n\u00e5got f\u00f6rbund \u00e4r du f\u00f6rs\u00e4krad genom dom.<\/p>\n<p>S\u00e5 h\u00e4r skriver Transportstyrelsen ang f\u00f6rs\u00e4kring.<\/p>\n<div id=\"159816\" class=\"panel-collapse collapse in\" aria-expanded=\"true\">\n<div class=\"panel-body\">\n<p>Det kr\u00e4vs ingen ansvarsf\u00f6rs\u00e4kring f\u00f6r dr\u00f6nare som v\u00e4ger mindre \u00e4n 20 kg och som endast anv\u00e4nds f\u00f6r uppvisnings- och rekreationsverksamhet.\u00a0\u00c4ven om ansvarsf\u00f6rs\u00e4kring inte kr\u00e4vs \u00e4r rekommendationen \u00e4nd\u00e5 att alltid ha det, eftersom en vanlig hemf\u00f6rs\u00e4kring oftast inte t\u00e4cker skador som orsakas av dr\u00f6nare.<\/p>\n<p>F\u00f6rs\u00e4kringen ska vara en form av ansvarsf\u00f6rs\u00e4kring f\u00f6r skada mot tredje man och annan egendom och uppg\u00e5 till 750 000 SDR. SDR \u00e4r en slags kurs och en 1 SDR motsvarar cirka 12 kr, s\u00e5 750 000 SDR motsvarar allts\u00e5 cirka 9 miljoner SEK. Om det i f\u00f6rs\u00e4kringsbrevet inte finns n\u00e5gon referens till EG-f\u00f6rordning 785\/2004, ska det ist\u00e4llet framg\u00e5 att f\u00f6rs\u00e4kringen g\u00e4ller f\u00f6r flygning med obemannade luftfartyg och att ansvarsdelen i f\u00f6rs\u00e4kringen uppg\u00e5r till minst 9 miljoner kr.<\/p>\n<p>Ordet dr\u00f6nare i texten ovan omfattar alla obemannade luftfartyg. <a href=\"http:\/\/www.mindronare.se\" target=\"_blank\" rel=\"noopener noreferrer\">Klicka h\u00e4r f\u00f6r att komma till Transportstyrelsens information om dr\u00f6nare.<\/a><\/p>\n<p>Det finns tv\u00e5 f\u00f6rbund som du kan g\u00e5 med i och d\u00e4rmed vara f\u00f6rs\u00e4krad.<\/p>\n<p><a href=\"http:\/\/www.rcflyg.se\/\">RCFF<\/a><\/p>\n<p><a href=\"http:\/\/www.modellflygforbund.se\/#Svenska%20Flygsportf%C3%B6rbundet\">SMFF<\/a><\/p>\n<\/div>\n<\/div>\n","protected":false},"excerpt":{"rendered":"<p>Du beh\u00f6ver vara f\u00f6rs\u00e4krad. Om du \u00e4r medlem i n\u00e5got f\u00f6rbund \u00e4r du f\u00f6rs\u00e4krad genom dom. S\u00e5 h\u00e4r skriver Transportstyrelsen ang f\u00f6rs\u00e4kring. Det kr\u00e4vs ingen ansvarsf\u00f6rs\u00e4kring f\u00f6r dr\u00f6nare som v\u00e4ger mindre \u00e4n 20 kg och som endast anv\u00e4nds f\u00f6r uppvisnings- och rekreationsverksamhet.\u00a0\u00c4ven om ansvarsf\u00f6rs\u00e4kring inte kr\u00e4vs \u00e4r rekommendationen \u00e4nd\u00e5 att <a href=\"https:\/\/treaviatorer.se\/?page_id=777\" class=\"btn btn-link continue-link\">Forts\u00e4tt l\u00e4sa<\/a><\/p>\n","protected":false},"author":1,"featured_media":0,"parent":749,"menu_order":0,"comment_status":"closed","ping_status":"closed","template":"","meta":{"footnotes":""},"class_list":["post-777","page","type-page","status-publish","hentry"],"_links":{"self":[{"href":"https:\/\/treaviatorer.se\/index.php?rest_route=\/wp\/v2\/pages\/777","targetHints":{"allow":["GET"]}}],"collection":[{"href":"https:\/\/treaviatorer.se\/index.php?rest_route=\/wp\/v2\/pages"}],"about":[{"href":"https:\/\/treaviatorer.se\/index.php?rest_route=\/wp\/v2\/types\/page"}],"author":[{"embeddable":true,"href":"https:\/\/treaviatorer.se\/index.php?rest_route=\/wp\/v2\/users\/1"}],"replies":[{"embeddable":true,"href":"https:\/\/treaviatorer.se\/index.php?rest_route=%2Fwp%2Fv2%2Fcomments&post=777"}],"version-history":[{"count":0,"href":"https:\/\/treaviatorer.se\/index.php?rest_route=\/wp\/v2\/pages\/777\/revisions"}],"up":[{"embeddable":true,"href":"https:\/\/treaviatorer.se\/index.php?rest_route=\/wp\/v2\/pages\/749"}],"wp:attachment":[{"href":"https:\/\/treaviatorer.se\/index.php?rest_route=%2Fwp%2Fv2%2Fmedia&parent=777"}],"curies":[{"name":"wp","href":"https:\/\/api.w.org\/{rel}","templated":true}]}}