{"id":756,"date":"2019-03-13T12:01:24","date_gmt":"2019-03-13T11:01:24","guid":{"rendered":"http:\/\/www.olafixar.nu\/?page_id=756"},"modified":"2023-01-14T13:40:14","modified_gmt":"2023-01-14T12:40:14","slug":"inomhusflyg","status":"publish","type":"page","link":"https:\/\/treaviatorer.se\/?page_id=756","title":{"rendered":"Inomhusflyg"},"content":{"rendered":"<p>Under vinterhalv\u00e5ret flyger vi inomhus p\u00e5 l\u00f6rdagar i Hammenh\u00f6gskolans gymnastiksal.<\/p>\n<figure id=\"attachment_1171\" aria-describedby=\"caption-attachment-1171\" style=\"width: 640px\" class=\"wp-caption alignleft\"><img loading=\"lazy\" decoding=\"async\" class=\"size-large wp-image-1171\" src=\"http:\/\/www.treaviatorer.se\/wp-content\/uploads\/2019\/09\/IMG_4878-1024x809.jpg\" alt=\"\" width=\"640\" height=\"506\" srcset=\"https:\/\/treaviatorer.se\/wp-content\/uploads\/2019\/09\/IMG_4878.jpg 1024w, https:\/\/treaviatorer.se\/wp-content\/uploads\/2019\/09\/IMG_4878-300x237.jpg 300w, https:\/\/treaviatorer.se\/wp-content\/uploads\/2019\/09\/IMG_4878-768x607.jpg 768w\" sizes=\"auto, (max-width: 640px) 100vw, 640px\" \/><figcaption id=\"caption-attachment-1171\" class=\"wp-caption-text\">Inomhus flyg \u00e4r kul!<\/figcaption><\/figure>\n<p>Vi brukar inleda inomhusflyg-s\u00e4songen f\u00f6rsta l\u00f6rdagen i oktober med ett kort medlemsm\u00f6te och avsluta den sista l\u00f6rdagen i april.<\/p>\n<p>Vi \u00f6ppnar hallen kl 15.00 och st\u00e4nger 18.00. Vi flyger varje l\u00f6rdag.<\/p>\n<p>Kolla g\u00e4rna v\u00e5r Facebooksida, d\u00e4r brukar vi skriva n\u00e4r n\u00e5nting skall h\u00e4nda, antingen i sporthallen eller p\u00e5 Janlanda.<\/p>\n<p>Flygplanen vi anv\u00e4nder \u00e4r sm\u00e5 och l\u00e4tta, anpassade till inomhusflyg. En del flyger \u00e4ven med sm\u00e5 dr\u00f6nare.<\/p>\n<p>Kom g\u00e4rna f\u00f6rbi och och prata med oss om en fantastisk hobby.<\/p>\n<figure id=\"attachment_1175\" aria-describedby=\"caption-attachment-1175\" style=\"width: 640px\" class=\"wp-caption alignleft\"><img loading=\"lazy\" decoding=\"async\" class=\"size-large wp-image-1175\" src=\"http:\/\/www.treaviatorer.se\/wp-content\/uploads\/2019\/09\/IMG_5005-1024x770.jpg\" alt=\"\" width=\"640\" height=\"481\" srcset=\"https:\/\/treaviatorer.se\/wp-content\/uploads\/2019\/09\/IMG_5005.jpg 1024w, https:\/\/treaviatorer.se\/wp-content\/uploads\/2019\/09\/IMG_5005-300x226.jpg 300w, https:\/\/treaviatorer.se\/wp-content\/uploads\/2019\/09\/IMG_5005-768x578.jpg 768w, https:\/\/treaviatorer.se\/wp-content\/uploads\/2019\/09\/IMG_5005-800x600.jpg 800w\" sizes=\"auto, (max-width: 640px) 100vw, 640px\" \/><figcaption id=\"caption-attachment-1175\" class=\"wp-caption-text\">Inomhusflyg har ut\u00f6vare i alla \u00e5ldrar<\/figcaption><\/figure>\n","protected":false},"excerpt":{"rendered":"<p>Under vinterhalv\u00e5ret flyger vi inomhus p\u00e5 l\u00f6rdagar i Hammenh\u00f6gskolans gymnastiksal. Vi brukar inleda inomhusflyg-s\u00e4songen f\u00f6rsta l\u00f6rdagen i oktober med ett kort medlemsm\u00f6te och avsluta den sista l\u00f6rdagen i april. Vi \u00f6ppnar hallen kl 15.00 och st\u00e4nger 18.00. Vi flyger varje l\u00f6rdag. Kolla g\u00e4rna v\u00e5r Facebooksida, d\u00e4r brukar vi skriva n\u00e4r <a href=\"https:\/\/treaviatorer.se\/?page_id=756\" class=\"btn btn-link continue-link\">Forts\u00e4tt l\u00e4sa<\/a><\/p>\n","protected":false},"author":1,"featured_media":0,"parent":0,"menu_order":0,"comment_status":"closed","ping_status":"closed","template":"","meta":{"footnotes":""},"class_list":["post-756","page","type-page","status-publish","hentry"],"_links":{"self":[{"href":"https:\/\/treaviatorer.se\/index.php?rest_route=\/wp\/v2\/pages\/756","targetHints":{"allow":["GET"]}}],"collection":[{"href":"https:\/\/treaviatorer.se\/index.php?rest_route=\/wp\/v2\/pages"}],"about":[{"href":"https:\/\/treaviatorer.se\/index.php?rest_route=\/wp\/v2\/types\/page"}],"author":[{"embeddable":true,"href":"https:\/\/treaviatorer.se\/index.php?rest_route=\/wp\/v2\/users\/1"}],"replies":[{"embeddable":true,"href":"https:\/\/treaviatorer.se\/index.php?rest_route=%2Fwp%2Fv2%2Fcomments&post=756"}],"version-history":[{"count":6,"href":"https:\/\/treaviatorer.se\/index.php?rest_route=\/wp\/v2\/pages\/756\/revisions"}],"predecessor-version":[{"id":1628,"href":"https:\/\/treaviatorer.se\/index.php?rest_route=\/wp\/v2\/pages\/756\/revisions\/1628"}],"wp:attachment":[{"href":"https:\/\/treaviatorer.se\/index.php?rest_route=%2Fwp%2Fv2%2Fmedia&parent=756"}],"curies":[{"name":"wp","href":"https:\/\/api.w.org\/{rel}","templated":true}]}}