{"id":749,"date":"2019-03-13T11:30:53","date_gmt":"2019-03-13T10:30:53","guid":{"rendered":"http:\/\/www.olafixar.nu\/?page_id=749"},"modified":"2021-01-07T11:11:09","modified_gmt":"2021-01-07T10:11:09","slug":"hur-borjar-jag","status":"publish","type":"page","link":"https:\/\/treaviatorer.se\/?page_id=749","title":{"rendered":"Introduktion"},"content":{"rendered":"<p>H\u00e4r\u00a0 beskriver vi lite kortfattat och allm\u00e4nt om utrustningen som anv\u00e4nds inom modellflyg. Du kommer nog ha fler fr\u00e5gor \u00e4n svar n\u00e4r du l\u00e4st igenom dessa artiklar och det \u00e4r avsikten. Om du t\u00e4nker b\u00f6rja flyga modellflygplan s\u00e5 \u00e4r det mycket att ta reda p\u00e5 men l\u00e5t inte det avskr\u00e4cka dig. Det finns m\u00e5nga forum d\u00e4r du kan hitta information. Du kan \u00e4ven kontakta oss med dina fr\u00e5gor,\u00a0 du hittar v\u00e5ra kontaktuppgifter under klubbfakta. Jag hoppas att du som inte vet s\u00e5 mycket om denna fantastiska hobby ska f\u00e5 en liten inblick i den.<\/p>\n<p>Innan du k\u00f6per ett radiostyrt flygplan eller dr\u00f6nare, ta reda p\u00e5 lite mer om vad det inneb\u00e4r att vara modellflygpilot. Kontakta din lokala modellflygklubb och be att f\u00e5 komma och prova p\u00e5.<\/p>\n<p>Det finns regler och best\u00e4mmelser du m\u00e5ste f\u00f6lja f\u00f6r att l\u00e4sa mer om det <a href=\"https:\/\/treaviatorer.se\/?page_id=1369\" target=\"_blank\" rel=\"noopener noreferrer\">klicka h\u00e4r<\/a>.<\/p>\n<p>Om du tycker att det var kul s\u00e5 b\u00f6rja skolflyga med en instrukt\u00f6r f\u00f6r att l\u00e4ra dig att hantera utrustning och flygplan. Efter skolflygning vet du mer om vad som g\u00e4ller f\u00f6r modellflyg och om du fortfarande vill flyga modellflygplan. Det finns \u00e4ven bra simulatorer som du kan k\u00f6ra p\u00e5 din dator, m\u00e5nga har en dongle som du kan ansluta en s\u00e4ndare till.<\/p>\n<p>Det finns m\u00e5nga olika s\u00e4tt att b\u00f6rja p\u00e5 beroende p\u00e5 hur mycket pengar du vill spendera. Du kan k\u00f6pa en begagnad radiostyrning och flygplan eller du kan k\u00f6pa allt nytt. Ta g\u00e4rna hj\u00e4lp av en erfaren modellflygare.<\/p>\n<p>Begagnade radiostyrningar finns fr\u00e5n 600 kr och upp\u00e5t. En ny radiostyrning kan kosta fr\u00e5n 1000 kr till 20000 kr eller mer. Radion b\u00f6r ha minst sex kanaler och ha 2.4GHz modul dvs s\u00e4nda p\u00e5 2.4GHz bandet. Till en b\u00f6rjan r\u00e4cker sex kanaler men om du vill utveckla din nya hobby s\u00e5 kommer du att beh\u00f6va en s\u00e4ndare p\u00e5 \u00e5tta kanaler eller mer..<\/p>\n<p>Begagnade flygplan finns fr\u00e5n 400 kr och upp\u00e5t beroende p\u00e5 vilken typ det \u00e4r och vad som ing\u00e5r. Du b\u00f6r k\u00f6pa en s.k. trainer som ditt f\u00f6rsta flygplan och v\u00e4lj g\u00e4rna ett med elmotor eftersom det \u00e4r l\u00e4ttare att kontrollera.<\/p>\n<p>Fall inte f\u00f6r frestelsen att k\u00f6pa ett f\u00e4rdigt kit med radiostyrning.\u00a0 De brukar vara ganska underm\u00e5liga och radion brukar vara h\u00f6gst begr\u00e4nsad och det g\u00e5r inte att anv\u00e4nda den till annat.<\/p>\n<p>Det b\u00e4sta r\u00e5det vi\u00a0 kan ge dig \u00e4r att prata med en erfaren modellflygare innan du k\u00f6per n\u00e5got.<\/p>\n","protected":false},"excerpt":{"rendered":"<p>H\u00e4r\u00a0 beskriver vi lite kortfattat och allm\u00e4nt om utrustningen som anv\u00e4nds inom modellflyg. Du kommer nog ha fler fr\u00e5gor \u00e4n svar n\u00e4r du l\u00e4st igenom dessa artiklar och det \u00e4r avsikten. Om du t\u00e4nker b\u00f6rja flyga modellflygplan s\u00e5 \u00e4r det mycket att ta reda p\u00e5 men l\u00e5t inte det avskr\u00e4cka <a href=\"https:\/\/treaviatorer.se\/?page_id=749\" class=\"btn btn-link continue-link\">Forts\u00e4tt l\u00e4sa<\/a><\/p>\n","protected":false},"author":1,"featured_media":0,"parent":0,"menu_order":0,"comment_status":"closed","ping_status":"closed","template":"","meta":{"footnotes":""},"class_list":["post-749","page","type-page","status-publish","hentry"],"_links":{"self":[{"href":"https:\/\/treaviatorer.se\/index.php?rest_route=\/wp\/v2\/pages\/749","targetHints":{"allow":["GET"]}}],"collection":[{"href":"https:\/\/treaviatorer.se\/index.php?rest_route=\/wp\/v2\/pages"}],"about":[{"href":"https:\/\/treaviatorer.se\/index.php?rest_route=\/wp\/v2\/types\/page"}],"author":[{"embeddable":true,"href":"https:\/\/treaviatorer.se\/index.php?rest_route=\/wp\/v2\/users\/1"}],"replies":[{"embeddable":true,"href":"https:\/\/treaviatorer.se\/index.php?rest_route=%2Fwp%2Fv2%2Fcomments&post=749"}],"version-history":[{"count":3,"href":"https:\/\/treaviatorer.se\/index.php?rest_route=\/wp\/v2\/pages\/749\/revisions"}],"predecessor-version":[{"id":1402,"href":"https:\/\/treaviatorer.se\/index.php?rest_route=\/wp\/v2\/pages\/749\/revisions\/1402"}],"wp:attachment":[{"href":"https:\/\/treaviatorer.se\/index.php?rest_route=%2Fwp%2Fv2%2Fmedia&parent=749"}],"curies":[{"name":"wp","href":"https:\/\/api.w.org\/{rel}","templated":true}]}}