{"id":740,"date":"2019-03-13T10:47:43","date_gmt":"2019-03-13T09:47:43","guid":{"rendered":"http:\/\/www.olafixar.nu\/?page_id=740"},"modified":"2022-04-15T13:39:44","modified_gmt":"2022-04-15T11:39:44","slug":"skolflyg","status":"publish","type":"page","link":"https:\/\/treaviatorer.se\/?page_id=740","title":{"rendered":"Skolflyg"},"content":{"rendered":"<p>Klubben har tv\u00e5 instrukt\u00f6rer som kan skolflyga med elever eller andra intresserade.<br \/>\nD\u00e5 anv\u00e4nder de dubbelkommando dvs l\u00e4raren har en radiostyrning och eleven har en som \u00e4r ihopkopplad med l\u00e4rarens radio.<\/p>\n<p>Vi har tre olika flygplan som anv\u00e4nds. Ett som drivs med elmotor och har motorn p\u00e5 ovansidan det g\u00f6r att flygplanet \u00e4r ett perfekt f\u00f6r de som aldrig styrt ett modellflygplan tidigare. Sedan har vi tv\u00e5 st flygplan med f\u00f6rbr\u00e4nningsmotorer, dessa anv\u00e4nds f\u00f6r skolning med elever som har l\u00e4rt sig lite mer.<\/p>\n<p>Alla \u00e4r v\u00e4lkomna att prova p\u00e5 att flyga ett radiostyrt modellflygplan. L\u00e4rarna \u00e4r ofta p\u00e5 Janlanda men de som \u00e4r intresserade av att prova p\u00e5 b\u00f6r kontakta dem f\u00f6r att g\u00f6ra upp om en tid som passar b\u00e4st. Har ni v\u00e4garna f\u00f6rbi Janlanda s\u00e5 kan ni titta upp \u00e4nd\u00e5 och se om det finns en l\u00e4rare d\u00e4r som har tid.<\/p>\n<p>V\u00e4lkomna!<\/p>\n<p>&nbsp;<\/p>\n","protected":false},"excerpt":{"rendered":"<p>Klubben har tv\u00e5 instrukt\u00f6rer som kan skolflyga med elever eller andra intresserade. D\u00e5 anv\u00e4nder de dubbelkommando dvs l\u00e4raren har en radiostyrning och eleven har en som \u00e4r ihopkopplad med l\u00e4rarens radio. Vi har tre olika flygplan som anv\u00e4nds. Ett som drivs med elmotor och har motorn p\u00e5 ovansidan det g\u00f6r <a href=\"https:\/\/treaviatorer.se\/?page_id=740\" class=\"btn btn-link continue-link\">Forts\u00e4tt l\u00e4sa<\/a><\/p>\n","protected":false},"author":1,"featured_media":0,"parent":749,"menu_order":0,"comment_status":"closed","ping_status":"closed","template":"","meta":{"footnotes":""},"class_list":["post-740","page","type-page","status-publish","hentry"],"_links":{"self":[{"href":"https:\/\/treaviatorer.se\/index.php?rest_route=\/wp\/v2\/pages\/740","targetHints":{"allow":["GET"]}}],"collection":[{"href":"https:\/\/treaviatorer.se\/index.php?rest_route=\/wp\/v2\/pages"}],"about":[{"href":"https:\/\/treaviatorer.se\/index.php?rest_route=\/wp\/v2\/types\/page"}],"author":[{"embeddable":true,"href":"https:\/\/treaviatorer.se\/index.php?rest_route=\/wp\/v2\/users\/1"}],"replies":[{"embeddable":true,"href":"https:\/\/treaviatorer.se\/index.php?rest_route=%2Fwp%2Fv2%2Fcomments&post=740"}],"version-history":[{"count":2,"href":"https:\/\/treaviatorer.se\/index.php?rest_route=\/wp\/v2\/pages\/740\/revisions"}],"predecessor-version":[{"id":1570,"href":"https:\/\/treaviatorer.se\/index.php?rest_route=\/wp\/v2\/pages\/740\/revisions\/1570"}],"up":[{"embeddable":true,"href":"https:\/\/treaviatorer.se\/index.php?rest_route=\/wp\/v2\/pages\/749"}],"wp:attachment":[{"href":"https:\/\/treaviatorer.se\/index.php?rest_route=%2Fwp%2Fv2%2Fmedia&parent=740"}],"curies":[{"name":"wp","href":"https:\/\/api.w.org\/{rel}","templated":true}]}}