{"id":726,"date":"2019-03-11T16:12:42","date_gmt":"2019-03-11T15:12:42","guid":{"rendered":"http:\/\/www.olafixar.nu\/?page_id=726"},"modified":"2022-04-14T15:18:00","modified_gmt":"2022-04-14T13:18:00","slug":"faltet-mer-info","status":"publish","type":"page","link":"https:\/\/treaviatorer.se\/?page_id=726","title":{"rendered":"F\u00e4ltet"},"content":{"rendered":"<div>\n<div>&#8211; Vill du ha en hobby\/sport som ger dig utlopp f\u00f6r flygintresse, teknik, fingerf\u00e4rdighet, tr\u00e4ning f\u00f6r hj\u00e4rnan, social samvaro b\u00e5de ute och inne \u00e5ret runt?<\/div>\n<div>\n<p>&#8211; \u00c4r du ung eller \u00e4ldre?<\/p>\n<p>&#8211; L\u00e4r dig flyga radiostyrda modeller hos oss Tre Aviat\u00f6rer i Kivik. Vi ses p\u00e5 <a href=\"https:\/\/treaviatorer.se\/?page_id=84\">v\u00e5rt flygf\u00e4lt Janlanda<\/a>!<\/p>\n<\/div>\n<\/div>\n<div>&#8211; V\u00e5rt flygf\u00e4lt ligger i vacker milj\u00f6 med gott om plats f\u00f6r flygtr\u00e4ffar.<\/div>\n<div><\/div>\n<div><span style=\"display: inline !important; float: none; background-color: #ffffff; color: #333333; cursor: text; font-family: -apple-system,BlinkMacSystemFont,'Segoe UI',Roboto,Oxygen-Sans,Ubuntu,Cantarell,'Helvetica Neue',sans-serif; font-size: 16px; font-style: normal; font-variant: normal; font-weight: 400; letter-spacing: normal; orphans: 2; text-align: left; text-decoration: none; text-indent: 0px; text-transform: none; -webkit-text-stroke-width: 0px; white-space: normal; word-spacing: 0px;\">&#8211;<\/span> Vare sig du gillar fart, akrobatik, skalamodeller eller att stilla flyga p\u00e5 termiken s\u00e5 ger radioflygandet det du vill ha.<\/div>\n<div><\/div>\n<div><span style=\"display: inline !important; float: none; background-color: #ffffff; color: #333333; cursor: text; font-family: -apple-system,BlinkMacSystemFont,'Segoe UI',Roboto,Oxygen-Sans,Ubuntu,Cantarell,'Helvetica Neue',sans-serif; font-size: 16px; font-style: normal; font-variant: normal; font-weight: 400; letter-spacing: normal; orphans: 2; text-align: left; text-decoration: none; text-indent: 0px; text-transform: none; -webkit-text-stroke-width: 0px; white-space: normal; word-spacing: 0px;\">&#8211;<\/span> Vi har egen flygskola d\u00e4r du kan l\u00e4ra dig flyga innan du skaffar dig ett eget plan.<\/div>\n<div><\/div>\n<div><span style=\"display: inline !important; float: none; background-color: #ffffff; color: #333333; cursor: text; font-family: -apple-system,BlinkMacSystemFont,'Segoe UI',Roboto,Oxygen-Sans,Ubuntu,Cantarell,'Helvetica Neue',sans-serif; font-size: 16px; font-style: normal; font-variant: normal; font-weight: 400; letter-spacing: normal; orphans: 2; text-align: left; text-decoration: none; text-indent: 0px; text-transform: none; -webkit-text-stroke-width: 0px; white-space: normal; word-spacing: 0px;\">&#8211;<\/span> Ring v\u00e5r kontakt eller kom ut till Janlanda!<\/div>\n<div><\/div>\n<h3>Skalamodeller fr\u00e5n alla tider ing\u00e5r i radioflygarens n\u00f6jen.<\/h3>\n<p class=\"hide-if-no-js\"><a id=\"set-post-thumbnail\" class=\"thickbox\" href=\"https:\/\/treaviatorer.se\/wp-admin\/media-upload.php?post_id=726&amp;type=image&amp;TB_iframe=1\" aria-describedby=\"set-post-thumbnail-desc\"><img loading=\"lazy\" decoding=\"async\" class=\"attachment-266x266 size-266x266\" src=\"http:\/\/www.treaviatorer.se\/wp-content\/uploads\/2019\/09\/IMG_8108.jpg\" sizes=\"auto, (max-width: 266px) 100vw, 266px\" srcset=\"https:\/\/treaviatorer.se\/wp-content\/uploads\/2019\/09\/IMG_8108.jpg 1024w, https:\/\/treaviatorer.se\/wp-content\/uploads\/2019\/09\/IMG_8108-300x198.jpg 300w, https:\/\/treaviatorer.se\/wp-content\/uploads\/2019\/09\/IMG_8108-768x507.jpg 768w\" alt=\"\" width=\"266\" height=\"176\" \/><\/a><\/p>\n<h3>Konstflygning med b\u00e5de st\u00f6rre och mindre maskiner efter ditt intresse.<\/h3>\n<p class=\"hide-if-no-js\"><a id=\"set-post-thumbnail\" class=\"thickbox\" href=\"https:\/\/treaviatorer.se\/wp-admin\/media-upload.php?post_id=726&amp;type=image&amp;TB_iframe=1\" aria-describedby=\"set-post-thumbnail-desc\"><img loading=\"lazy\" decoding=\"async\" class=\"attachment-266x266 size-266x266\" src=\"http:\/\/www.treaviatorer.se\/wp-content\/uploads\/2022\/04\/aerobatic-300x300.jpg\" sizes=\"auto, (max-width: 266px) 100vw, 266px\" srcset=\"https:\/\/treaviatorer.se\/wp-content\/uploads\/2022\/04\/aerobatic-300x300.jpg 300w, https:\/\/treaviatorer.se\/wp-content\/uploads\/2022\/04\/aerobatic-150x150.jpg 150w, https:\/\/treaviatorer.se\/wp-content\/uploads\/2022\/04\/aerobatic.jpg 600w\" alt=\"\" width=\"266\" height=\"266\" \/><\/a><\/p>\n<h3>\u00c4ven dubbeld\u00e4ckare av olika typer ger en extra krydda till flygandet.<\/h3>\n<h3><\/h3>\n<p class=\"hide-if-no-js\"><a id=\"set-post-thumbnail\" class=\"thickbox\" href=\"https:\/\/treaviatorer.se\/wp-admin\/media-upload.php?post_id=726&amp;type=image&amp;TB_iframe=1\" aria-describedby=\"set-post-thumbnail-desc\"><img loading=\"lazy\" decoding=\"async\" class=\"attachment-266x266 size-266x266\" src=\"http:\/\/www.treaviatorer.se\/wp-content\/uploads\/2019\/09\/IMG_7987.jpg\" sizes=\"auto, (max-width: 266px) 100vw, 266px\" srcset=\"https:\/\/treaviatorer.se\/wp-content\/uploads\/2019\/09\/IMG_7987.jpg 1024w, https:\/\/treaviatorer.se\/wp-content\/uploads\/2019\/09\/IMG_7987-300x207.jpg 300w, https:\/\/treaviatorer.se\/wp-content\/uploads\/2019\/09\/IMG_7987-768x531.jpg 768w\" alt=\"\" width=\"266\" height=\"184\" \/><\/a><\/p>\n<h3>Racingmaskiner fr\u00e5n flygets guld\u00e5lder kan upplevas igen.<\/h3>\n<p class=\"hide-if-no-js\"><a id=\"set-post-thumbnail\" class=\"thickbox\" href=\"https:\/\/treaviatorer.se\/wp-admin\/media-upload.php?post_id=726&amp;type=image&amp;TB_iframe=1\" aria-describedby=\"set-post-thumbnail-desc\"><img loading=\"lazy\" decoding=\"async\" class=\"attachment-266x266 size-266x266\" src=\"http:\/\/www.treaviatorer.se\/wp-content\/uploads\/2022\/04\/IMG_7812-300x200-1.jpg\" alt=\"\" width=\"266\" height=\"177\" \/><\/a><\/p>\n<h3><\/h3>\n<h3>Helikoptrar och dr\u00f6nare ing\u00e5r ocks\u00e5 i den verksamhet som har sin plats hos oss.<\/h3>\n<p class=\"hide-if-no-js\"><a id=\"set-post-thumbnail\" class=\"thickbox\" href=\"https:\/\/treaviatorer.se\/wp-admin\/media-upload.php?post_id=726&amp;type=image&amp;TB_iframe=1\" aria-describedby=\"set-post-thumbnail-desc\"><img loading=\"lazy\" decoding=\"async\" class=\"attachment-266x266 size-266x266\" src=\"http:\/\/www.treaviatorer.se\/wp-content\/uploads\/2022\/04\/Helikopter.jpg\" sizes=\"auto, (max-width: 266px) 100vw, 266px\" srcset=\"https:\/\/treaviatorer.se\/wp-content\/uploads\/2022\/04\/Helikopter.jpg 640w, https:\/\/treaviatorer.se\/wp-content\/uploads\/2022\/04\/Helikopter-300x180.jpg 300w\" alt=\"\" width=\"266\" height=\"160\" \/><\/a><\/p>\n<h3>Inomhusflyg i sporthall p\u00e5 vintern med ut\u00f6vare i alla \u00e5ldrar.<\/h3>\n<p class=\"hide-if-no-js\"><a id=\"set-post-thumbnail\" class=\"thickbox\" href=\"https:\/\/treaviatorer.se\/wp-admin\/media-upload.php?post_id=726&amp;type=image&amp;TB_iframe=1\" aria-describedby=\"set-post-thumbnail-desc\"><img loading=\"lazy\" decoding=\"async\" class=\"attachment-266x266 size-266x266\" src=\"http:\/\/www.treaviatorer.se\/wp-content\/uploads\/2019\/09\/IMG_5005-720x720.jpg\" sizes=\"auto, (max-width: 266px) 100vw, 266px\" srcset=\"https:\/\/treaviatorer.se\/wp-content\/uploads\/2019\/09\/IMG_5005-720x720.jpg 720w, https:\/\/treaviatorer.se\/wp-content\/uploads\/2019\/09\/IMG_5005-150x150.jpg 150w\" alt=\"\" width=\"266\" height=\"266\" \/><\/a><\/p>\n<h3>Segelflyg \u00e4r den tysta flygvarianten.<\/h3>\n<p class=\"hide-if-no-js\"><a id=\"set-post-thumbnail\" class=\"thickbox\" href=\"https:\/\/treaviatorer.se\/wp-admin\/media-upload.php?post_id=726&amp;type=image&amp;TB_iframe=1\" aria-describedby=\"set-post-thumbnail-desc\"><img loading=\"lazy\" decoding=\"async\" class=\"attachment-266x266 size-266x266\" src=\"http:\/\/www.treaviatorer.se\/wp-content\/uploads\/2019\/09\/IMG_8042-720x718.jpg\" sizes=\"auto, (max-width: 266px) 100vw, 266px\" srcset=\"https:\/\/treaviatorer.se\/wp-content\/uploads\/2019\/09\/IMG_8042-720x718.jpg 720w, https:\/\/treaviatorer.se\/wp-content\/uploads\/2019\/09\/IMG_8042-150x150.jpg 150w\" alt=\"\" width=\"266\" height=\"266\" \/><\/a><\/p>\n","protected":false},"excerpt":{"rendered":"<p>&#8211; Vill du ha en hobby\/sport som ger dig utlopp f\u00f6r flygintresse, teknik, fingerf\u00e4rdighet, tr\u00e4ning f\u00f6r hj\u00e4rnan, social samvaro b\u00e5de ute och inne \u00e5ret runt? &#8211; \u00c4r du ung eller \u00e4ldre? &#8211; L\u00e4r dig flyga radiostyrda modeller hos oss Tre Aviat\u00f6rer i Kivik. Vi ses p\u00e5 v\u00e5rt flygf\u00e4lt Janlanda! &#8211; <a href=\"https:\/\/treaviatorer.se\/?page_id=726\" class=\"btn btn-link continue-link\">Forts\u00e4tt l\u00e4sa<\/a><\/p>\n","protected":false},"author":1,"featured_media":0,"parent":0,"menu_order":0,"comment_status":"closed","ping_status":"closed","template":"","meta":{"footnotes":""},"class_list":["post-726","page","type-page","status-publish","hentry"],"_links":{"self":[{"href":"https:\/\/treaviatorer.se\/index.php?rest_route=\/wp\/v2\/pages\/726","targetHints":{"allow":["GET"]}}],"collection":[{"href":"https:\/\/treaviatorer.se\/index.php?rest_route=\/wp\/v2\/pages"}],"about":[{"href":"https:\/\/treaviatorer.se\/index.php?rest_route=\/wp\/v2\/types\/page"}],"author":[{"embeddable":true,"href":"https:\/\/treaviatorer.se\/index.php?rest_route=\/wp\/v2\/users\/1"}],"replies":[{"embeddable":true,"href":"https:\/\/treaviatorer.se\/index.php?rest_route=%2Fwp%2Fv2%2Fcomments&post=726"}],"version-history":[{"count":4,"href":"https:\/\/treaviatorer.se\/index.php?rest_route=\/wp\/v2\/pages\/726\/revisions"}],"predecessor-version":[{"id":1518,"href":"https:\/\/treaviatorer.se\/index.php?rest_route=\/wp\/v2\/pages\/726\/revisions\/1518"}],"wp:attachment":[{"href":"https:\/\/treaviatorer.se\/index.php?rest_route=%2Fwp%2Fv2%2Fmedia&parent=726"}],"curies":[{"name":"wp","href":"https:\/\/api.w.org\/{rel}","templated":true}]}}