{"id":1866,"date":"2026-03-12T16:29:15","date_gmt":"2026-03-12T15:29:15","guid":{"rendered":"https:\/\/treaviatorer.se\/?page_id=1866"},"modified":"2026-03-12T16:29:15","modified_gmt":"2026-03-12T15:29:15","slug":"landningssida-for-qrkod","status":"publish","type":"page","link":"https:\/\/treaviatorer.se\/?page_id=1866","title":{"rendered":"Landningssida f\u00f6r qrkod"},"content":{"rendered":"<p>Hej!<\/p>\n<p>Du har landat p\u00e5 Tre Aviat\u00f6rers hemsida.<\/p>\n<p>Tre Aviat\u00f6rer \u00e4r en f\u00f6rening d\u00e4r vi h\u00e5ller p\u00e5 med modellflyg men det f\u00f6rekommer \u00e4ven att k\u00f6r med v\u00e5ra radiostyrda bilar.<\/p>\n<p>Vi har ett modell flygf\u00e4lt som heter Janlanda, det ligger i n\u00e4rheten av Kivik p\u00e5 \u00d6sterlen.<\/p>\n","protected":false},"excerpt":{"rendered":"<p>Hej! Du har landat p\u00e5 Tre Aviat\u00f6rers hemsida. Tre Aviat\u00f6rer \u00e4r en f\u00f6rening d\u00e4r vi h\u00e5ller p\u00e5 med modellflyg men det f\u00f6rekommer \u00e4ven att k\u00f6r med v\u00e5ra radiostyrda bilar. Vi har ett modell flygf\u00e4lt som heter Janlanda, det ligger i n\u00e4rheten av Kivik p\u00e5 \u00d6sterlen.<\/p>\n","protected":false},"author":1,"featured_media":0,"parent":0,"menu_order":0,"comment_status":"closed","ping_status":"closed","template":"","meta":{"footnotes":""},"class_list":["post-1866","page","type-page","status-publish","hentry"],"_links":{"self":[{"href":"https:\/\/treaviatorer.se\/index.php?rest_route=\/wp\/v2\/pages\/1866","targetHints":{"allow":["GET"]}}],"collection":[{"href":"https:\/\/treaviatorer.se\/index.php?rest_route=\/wp\/v2\/pages"}],"about":[{"href":"https:\/\/treaviatorer.se\/index.php?rest_route=\/wp\/v2\/types\/page"}],"author":[{"embeddable":true,"href":"https:\/\/treaviatorer.se\/index.php?rest_route=\/wp\/v2\/users\/1"}],"replies":[{"embeddable":true,"href":"https:\/\/treaviatorer.se\/index.php?rest_route=%2Fwp%2Fv2%2Fcomments&post=1866"}],"version-history":[{"count":2,"href":"https:\/\/treaviatorer.se\/index.php?rest_route=\/wp\/v2\/pages\/1866\/revisions"}],"predecessor-version":[{"id":1868,"href":"https:\/\/treaviatorer.se\/index.php?rest_route=\/wp\/v2\/pages\/1866\/revisions\/1868"}],"wp:attachment":[{"href":"https:\/\/treaviatorer.se\/index.php?rest_route=%2Fwp%2Fv2%2Fmedia&parent=1866"}],"curies":[{"name":"wp","href":"https:\/\/api.w.org\/{rel}","templated":true}]}}