{"id":1794,"date":"2025-04-27T18:16:03","date_gmt":"2025-04-27T16:16:03","guid":{"rendered":"https:\/\/www.treaviatorer.se\/?page_id=1794"},"modified":"2025-04-27T18:16:03","modified_gmt":"2025-04-27T16:16:03","slug":"vaderstationen-ej-i-drift","status":"publish","type":"page","link":"https:\/\/treaviatorer.se\/?page_id=1794","title":{"rendered":"V\u00e4derstationen ej i drift"},"content":{"rendered":"<p>V\u00e4derstationen \u00e4r ej i drift. Str\u00f6mf\u00f6rs\u00f6rjningen \u00e4r kapad. Vi vet inte om den kommer ig\u00e5ng igen.<\/p>\n","protected":false},"excerpt":{"rendered":"<p>V\u00e4derstationen \u00e4r ej i drift. Str\u00f6mf\u00f6rs\u00f6rjningen \u00e4r kapad. Vi vet inte om den kommer ig\u00e5ng igen.<\/p>\n","protected":false},"author":1,"featured_media":0,"parent":0,"menu_order":0,"comment_status":"closed","ping_status":"closed","template":"","meta":{"footnotes":""},"class_list":["post-1794","page","type-page","status-publish","hentry"],"_links":{"self":[{"href":"https:\/\/treaviatorer.se\/index.php?rest_route=\/wp\/v2\/pages\/1794","targetHints":{"allow":["GET"]}}],"collection":[{"href":"https:\/\/treaviatorer.se\/index.php?rest_route=\/wp\/v2\/pages"}],"about":[{"href":"https:\/\/treaviatorer.se\/index.php?rest_route=\/wp\/v2\/types\/page"}],"author":[{"embeddable":true,"href":"https:\/\/treaviatorer.se\/index.php?rest_route=\/wp\/v2\/users\/1"}],"replies":[{"embeddable":true,"href":"https:\/\/treaviatorer.se\/index.php?rest_route=%2Fwp%2Fv2%2Fcomments&post=1794"}],"version-history":[{"count":1,"href":"https:\/\/treaviatorer.se\/index.php?rest_route=\/wp\/v2\/pages\/1794\/revisions"}],"predecessor-version":[{"id":1795,"href":"https:\/\/treaviatorer.se\/index.php?rest_route=\/wp\/v2\/pages\/1794\/revisions\/1795"}],"wp:attachment":[{"href":"https:\/\/treaviatorer.se\/index.php?rest_route=%2Fwp%2Fv2%2Fmedia&parent=1794"}],"curies":[{"name":"wp","href":"https:\/\/api.w.org\/{rel}","templated":true}]}}