{"id":1369,"date":"2020-12-16T15:28:11","date_gmt":"2020-12-16T14:28:11","guid":{"rendered":"http:\/\/www.treaviatorer.se\/?page_id=1369"},"modified":"2024-04-08T11:56:33","modified_gmt":"2024-04-08T09:56:33","slug":"nya-regler-som-galler-fran-20210110","status":"publish","type":"page","link":"https:\/\/treaviatorer.se\/?page_id=1369","title":{"rendered":"Nya regler som g\u00e4ller fr\u00e5n 20210101"},"content":{"rendered":"<p>Som alla vet s\u00e5 har Transport Styrelsen ett nytt regelverk som g\u00e4ller alla dr\u00f6nare. Till dr\u00f6nare r\u00e4knas \u00e4ven modellflygplan mm.<\/p>\n<p>Regelverket g\u00e4ller fr\u00e5n 20210101.<\/p>\n<p>Man registrerar sig som operat\u00f6r p\u00e5 TS webbsida. F\u00f6r att komma till registrerings sidan<a href=\"https:\/\/www.transportstyrelsen.se\/sv\/luftfart\/Luftfartyg-och-luftvardighet\/dronare\/\"> klicka h\u00e4r<\/a>.<\/p>\n<p>Det kostar 145 kr att registrera sig, man kan betala med swish eller kort.<\/p>\n<p>\u00c4r du registrerad som operat\u00f6r hos TS och medlem i RCFF eller SMFF f\u00e5r du flyga p\u00e5 v\u00e5rt f\u00e4lt Janlanda med modeller som v\u00e4ger upp till 25 kg.<\/p>\n<figure id=\"attachment_1375\" aria-describedby=\"caption-attachment-1375\" style=\"width: 750px\" class=\"wp-caption alignnone\"><img loading=\"lazy\" decoding=\"async\" class=\"wp-image-1375 size-full\" src=\"http:\/\/www.treaviatorer.se\/wp-content\/uploads\/2020\/12\/Nya-regler_v201124-750x1075-1.png\" alt=\"\" width=\"750\" height=\"1075\" srcset=\"https:\/\/treaviatorer.se\/wp-content\/uploads\/2020\/12\/Nya-regler_v201124-750x1075-1.png 750w, https:\/\/treaviatorer.se\/wp-content\/uploads\/2020\/12\/Nya-regler_v201124-750x1075-1-209x300.png 209w, https:\/\/treaviatorer.se\/wp-content\/uploads\/2020\/12\/Nya-regler_v201124-750x1075-1-714x1024.png 714w\" sizes=\"auto, (max-width: 750px) 100vw, 750px\" \/><figcaption id=\"caption-attachment-1375\" class=\"wp-caption-text\">Bilden \u00e4r l\u00e5nad fr\u00e5n www.faltregister.se<\/figcaption><\/figure>\n<p>Samma bild som pdf. <a href=\"http:\/\/www.treaviatorer.se\/wp-content\/uploads\/2020\/12\/Nya-regler_v201124.pdf\">Nya-regler_v201124<\/a><\/p>\n<p>F\u00f6r att flyga med dr\u00f6nare utanf\u00f6r godk\u00e4nda modellflygf\u00e4lt beh\u00f6ver du ett dr\u00f6narkort.<\/p>\n<p>TS har ett diagram p\u00e5 deras hemsida som beskriver vad som g\u00e4ller utanf\u00f6r godk\u00e4nda modellflygf\u00e4lt.<a href=\"https:\/\/www.transportstyrelsen.se\/globalassets\/global\/luftfart\/dronare\/overgangsreglerna\/dronare-overgangsregler-ts-200609.pdf\" target=\"_blank\" rel=\"noopener noreferrer\"> L\u00e4nk dit klicka h\u00e4r.<\/a><br \/>\nD\u00e4r kan man se att med dr\u00f6narkort f\u00f6r fj\u00e4rrpilot klass A3, kan man flyga med privatbyggda modeller upp till 25kg. \u00d6ver medverkande folk men inte \u00f6ver folksamlingar. Min 150m fr\u00e5n bostads-, aff\u00e4rs-, industri-, eller rekreationsomr\u00e5den. Max 120m h\u00f6gt eller +15m \u00f6ver hinder.<\/p>\n<p>Denna sida uppdateras ofta, kolla lite d\u00e5 och d\u00e5 om du vill h\u00e5lla dig informerad.<\/p>\n","protected":false},"excerpt":{"rendered":"<p>Som alla vet s\u00e5 har Transport Styrelsen ett nytt regelverk som g\u00e4ller alla dr\u00f6nare. Till dr\u00f6nare r\u00e4knas \u00e4ven modellflygplan mm. Regelverket g\u00e4ller fr\u00e5n 20210101. Man registrerar sig som operat\u00f6r p\u00e5 TS webbsida. F\u00f6r att komma till registrerings sidan klicka h\u00e4r. Det kostar 145 kr att registrera sig, man kan betala <a href=\"https:\/\/treaviatorer.se\/?page_id=1369\" class=\"btn btn-link continue-link\">Forts\u00e4tt l\u00e4sa<\/a><\/p>\n","protected":false},"author":1,"featured_media":0,"parent":0,"menu_order":0,"comment_status":"closed","ping_status":"closed","template":"","meta":{"footnotes":""},"class_list":["post-1369","page","type-page","status-publish","hentry"],"_links":{"self":[{"href":"https:\/\/treaviatorer.se\/index.php?rest_route=\/wp\/v2\/pages\/1369","targetHints":{"allow":["GET"]}}],"collection":[{"href":"https:\/\/treaviatorer.se\/index.php?rest_route=\/wp\/v2\/pages"}],"about":[{"href":"https:\/\/treaviatorer.se\/index.php?rest_route=\/wp\/v2\/types\/page"}],"author":[{"embeddable":true,"href":"https:\/\/treaviatorer.se\/index.php?rest_route=\/wp\/v2\/users\/1"}],"replies":[{"embeddable":true,"href":"https:\/\/treaviatorer.se\/index.php?rest_route=%2Fwp%2Fv2%2Fcomments&post=1369"}],"version-history":[{"count":14,"href":"https:\/\/treaviatorer.se\/index.php?rest_route=\/wp\/v2\/pages\/1369\/revisions"}],"predecessor-version":[{"id":1743,"href":"https:\/\/treaviatorer.se\/index.php?rest_route=\/wp\/v2\/pages\/1369\/revisions\/1743"}],"wp:attachment":[{"href":"https:\/\/treaviatorer.se\/index.php?rest_route=%2Fwp%2Fv2%2Fmedia&parent=1369"}],"curies":[{"name":"wp","href":"https:\/\/api.w.org\/{rel}","templated":true}]}}