{"id":1207,"date":"2019-10-18T17:06:59","date_gmt":"2019-10-18T15:06:59","guid":{"rendered":"http:\/\/www.treaviatorer.se\/?page_id=1207"},"modified":"2026-03-21T08:41:24","modified_gmt":"2026-03-21T07:41:24","slug":"vader-bilder","status":"publish","type":"page","link":"https:\/\/treaviatorer.se\/?page_id=1207","title":{"rendered":"De senaste v\u00e4derbilderna."},"content":{"rendered":"<p>Bilderna tas av v\u00e4derdatorn som \u00e4r f\u00f6rsedd med en kamera modul.<br \/>\nBilderna tas med 15 minuters mellanrum, det \u00e4r tillr\u00e4ckligt ofta f\u00f6r att se v\u00e4derutvecklingen.<\/p>\n<p>S\u00e5 nu kan vi se om det \u00e4r dimma uppe p\u00e5 Janlanda.<\/p>\n<p><strong>OBS! Om ni inte ser de senaste bilderna i er webbl\u00e4sare beh\u00f6ver ni ta bort<br \/>\nwebbhistoriken. H\u00e5ll ned skift tangenten och klicka p\u00e5 uppdatera sidan.\u00a0<strong class=\"Yjhzub\" data-sfc-root=\"c\" data-sfc-cb=\"\"><br \/>\nAlternativ2:<br \/>\nI Windows tryck p\u00e5 Ctrl + Shift + Delete s\u00e5 \u00f6ppnas ett f\u00f6nster<br \/>\nd\u00e4r man kan rensa cachen. P\u00e5 Mac tryck p\u00e5 Cmd + Shift + Delete.<br \/>\nAlternativ3:<br \/>\n<\/strong><\/strong><strong>I firefox v\u00e4lj historik\/rensa ut tidigare historik.<br \/>\nI crome v\u00e4lj Radera webbinformation &#8230;\/ Cachade bilder och filer.<\/strong><\/p>\n<p><img loading=\"lazy\" decoding=\"async\" class=\"alignnone\" src=\"https:\/\/treaviatorer.se\/vaderbilder\/1.jpg\" alt=\"\" width=\"640\" height=\"400\" \/><\/p>\n<p><img loading=\"lazy\" decoding=\"async\" class=\"alignnone \" src=\"https:\/\/treaviatorer.se\/vaderbilder\/2.jpg\" width=\"640\" height=\"400\" \/><\/p>\n<p><img loading=\"lazy\" decoding=\"async\" class=\"alignnone \" src=\"https:\/\/treaviatorer.se\/vaderbilder\/3.jpg\" width=\"640\" height=\"400\" \/><\/p>\n<p><img loading=\"lazy\" decoding=\"async\" class=\"alignnone \" src=\"https:\/\/treaviatorer.se\/vaderbilder\/4.jpg\" width=\"640\" height=\"400\" \/><\/p>\n","protected":false},"excerpt":{"rendered":"<p>Bilderna tas av v\u00e4derdatorn som \u00e4r f\u00f6rsedd med en kamera modul. Bilderna tas med 15 minuters mellanrum, det \u00e4r tillr\u00e4ckligt ofta f\u00f6r att se v\u00e4derutvecklingen. S\u00e5 nu kan vi se om det \u00e4r dimma uppe p\u00e5 Janlanda. OBS! Om ni inte ser de senaste bilderna i er webbl\u00e4sare beh\u00f6ver ni <a href=\"https:\/\/treaviatorer.se\/?page_id=1207\" class=\"btn btn-link continue-link\">Forts\u00e4tt l\u00e4sa<\/a><\/p>\n","protected":false},"author":1,"featured_media":0,"parent":0,"menu_order":0,"comment_status":"closed","ping_status":"closed","template":"","meta":{"footnotes":""},"class_list":["post-1207","page","type-page","status-publish","hentry"],"_links":{"self":[{"href":"https:\/\/treaviatorer.se\/index.php?rest_route=\/wp\/v2\/pages\/1207","targetHints":{"allow":["GET"]}}],"collection":[{"href":"https:\/\/treaviatorer.se\/index.php?rest_route=\/wp\/v2\/pages"}],"about":[{"href":"https:\/\/treaviatorer.se\/index.php?rest_route=\/wp\/v2\/types\/page"}],"author":[{"embeddable":true,"href":"https:\/\/treaviatorer.se\/index.php?rest_route=\/wp\/v2\/users\/1"}],"replies":[{"embeddable":true,"href":"https:\/\/treaviatorer.se\/index.php?rest_route=%2Fwp%2Fv2%2Fcomments&post=1207"}],"version-history":[{"count":33,"href":"https:\/\/treaviatorer.se\/index.php?rest_route=\/wp\/v2\/pages\/1207\/revisions"}],"predecessor-version":[{"id":1875,"href":"https:\/\/treaviatorer.se\/index.php?rest_route=\/wp\/v2\/pages\/1207\/revisions\/1875"}],"wp:attachment":[{"href":"https:\/\/treaviatorer.se\/index.php?rest_route=%2Fwp%2Fv2%2Fmedia&parent=1207"}],"curies":[{"name":"wp","href":"https:\/\/api.w.org\/{rel}","templated":true}]}}