{"id":1181,"date":"2019-09-30T10:14:34","date_gmt":"2019-09-30T08:14:34","guid":{"rendered":"http:\/\/www.treaviatorer.se\/?page_id=1181"},"modified":"2023-01-14T14:12:49","modified_gmt":"2023-01-14T13:12:49","slug":"vaderstation","status":"publish","type":"page","link":"https:\/\/treaviatorer.se\/?page_id=1181","title":{"rendered":"V\u00e4derstation"},"content":{"rendered":"<p>Vi har installerat en internetanslutning p\u00e5 Janlanda. Det \u00f6ppnar upp f\u00f6r m\u00e5nga olika typer av \u00f6vervakning av klubbstuga mm. Vi har en v\u00e4derstation som visar data direkt p\u00e5 v\u00e5r hemsida. Vi anv\u00e4nder en Raspberry pi som ett nav f\u00f6r olika funktioner. P\u00e5 den k\u00f6r vi en programvara som heter <a href=\"http:\/\/www.weewx.com\/\" target=\"_blank\" rel=\"noopener noreferrer\">WeeWX<\/a> den kommunicerar med v\u00e4derstationen och uppdaterar en lokal hemsida dessutom skickar den data till v\u00e5r hemsida som finns p\u00e5 en dator hemma hos mig. V\u00e4derstationen vi anv\u00e4nder \u00e4r <a href=\"https:\/\/www.nshnordic.com\/swedish\/produkter\/produkter\/ventus\/vaderstationer\/ventus-w820-bluetooth-vaderstation?LanguageID=LANG13\" target=\"_blank\" rel=\"noopener noreferrer\">Ventus W820<\/a> den kan kommunicera med Raspberry pi&#8217;n via bluetooth.<\/p>\n<p>Det \u00e4r en hel del som m\u00e5ste fixas.\u00a0 Anpassa sidan s\u00e5 den bara visar relevant data och g\u00e4rna p\u00e5 svenska. Om ni vill veta mer om hur det g\u00e5r, <span style=\"color: #ff0000;\"><a style=\"color: #ff0000;\" href=\"http:\/\/www.treaviatorer.se\/?page_id=1191\" target=\"_blank\" rel=\"noopener noreferrer\">klicka h\u00e4r<\/a><\/span>.<\/p>\n<p>Nu \u00e4r v\u00e4derstationen i drift. Det \u00e4r en hel del kvar att g\u00f6ra p\u00e5 den s\u00e5 den kommer vara ur drift lite d\u00e5 och d\u00e5. Om ni vill se hur det ser ut, <a href=\"https:\/\/treaviatorer.se\/weewx\/\" target=\"_blank\" rel=\"noopener noreferrer\">klicka h\u00e4r.<\/a><\/p>\n<p>20230114 Om informationen inte har uppdaterats s\u00e5 kan det bero p\u00e5 att batteriskyddet har st\u00e4ngt av sp\u00e4nningen. Solcellspanelerna klar inte att ladda batterierna n\u00e4r det \u00e4r s\u00e5 lite sol.<\/p>\n<p>\/ Ola<\/p>\n","protected":false},"excerpt":{"rendered":"<p>Vi har installerat en internetanslutning p\u00e5 Janlanda. Det \u00f6ppnar upp f\u00f6r m\u00e5nga olika typer av \u00f6vervakning av klubbstuga mm. Vi har en v\u00e4derstation som visar data direkt p\u00e5 v\u00e5r hemsida. Vi anv\u00e4nder en Raspberry pi som ett nav f\u00f6r olika funktioner. P\u00e5 den k\u00f6r vi en programvara som heter WeeWX <a href=\"https:\/\/treaviatorer.se\/?page_id=1181\" class=\"btn btn-link continue-link\">Forts\u00e4tt l\u00e4sa<\/a><\/p>\n","protected":false},"author":1,"featured_media":0,"parent":0,"menu_order":0,"comment_status":"closed","ping_status":"closed","template":"","meta":{"footnotes":""},"class_list":["post-1181","page","type-page","status-publish","hentry"],"_links":{"self":[{"href":"https:\/\/treaviatorer.se\/index.php?rest_route=\/wp\/v2\/pages\/1181","targetHints":{"allow":["GET"]}}],"collection":[{"href":"https:\/\/treaviatorer.se\/index.php?rest_route=\/wp\/v2\/pages"}],"about":[{"href":"https:\/\/treaviatorer.se\/index.php?rest_route=\/wp\/v2\/types\/page"}],"author":[{"embeddable":true,"href":"https:\/\/treaviatorer.se\/index.php?rest_route=\/wp\/v2\/users\/1"}],"replies":[{"embeddable":true,"href":"https:\/\/treaviatorer.se\/index.php?rest_route=%2Fwp%2Fv2%2Fcomments&post=1181"}],"version-history":[{"count":17,"href":"https:\/\/treaviatorer.se\/index.php?rest_route=\/wp\/v2\/pages\/1181\/revisions"}],"predecessor-version":[{"id":1634,"href":"https:\/\/treaviatorer.se\/index.php?rest_route=\/wp\/v2\/pages\/1181\/revisions\/1634"}],"wp:attachment":[{"href":"https:\/\/treaviatorer.se\/index.php?rest_route=%2Fwp%2Fv2%2Fmedia&parent=1181"}],"curies":[{"name":"wp","href":"https:\/\/api.w.org\/{rel}","templated":true}]}}