{"id":100,"date":"2018-10-13T00:38:50","date_gmt":"2018-10-12T22:38:50","guid":{"rendered":"http:\/\/www.olafixar.nu\/?page_id=100"},"modified":"2024-04-08T11:46:06","modified_gmt":"2024-04-08T09:46:06","slug":"medlemskap","status":"publish","type":"page","link":"https:\/\/treaviatorer.se\/?page_id=100","title":{"rendered":"Medlemskap"},"content":{"rendered":"\r\n<p>Som medlem i MK III AVIAT\u00d6RER erh\u00e5ller du f\u00f6rutom hj\u00e4lp och kamratskap, m\u00f6jligheten att skolflyga med dubbelkommando.<br \/><br \/>Medlemmar som vill t\u00e4vla officiellt m\u00e5ste vara medlemmar i SMFF.<br \/><br \/>Medlemmar som flyger aktivt m\u00e5ste vara registrerade som medlemmar hos SMFF eller RCFF f\u00f6r att vara f\u00f6rs\u00e4krade vid flygning, vilket \u00e4r ett krav f\u00f6r att f\u00e5 flyga p\u00e5 Janlanda.<br \/><br \/>Medlemskap f\u00e5r du genom att s\u00e4tta in pengar p\u00e5: <br \/><br \/><strong>BankGiro: 5288-3592<br \/>SWISH: 123 372 1909<br \/><br \/><\/strong>Som mottagare skriver du: MK III AVIAT\u00d6RER Skriv ocks\u00e5 in ditt namn, adress, f\u00f6delse\u00e5r samt ditt telefonnummer.<\/p>\r\n\r\n\r\n\r\n\n<table id=\"tablepress-1\" class=\"tablepress tablepress-id-1\">\n<thead>\n<tr class=\"row-1\">\n\t<th class=\"column-1\">Rubrik<\/th><th class=\"column-2\">Kostnad<\/th><th class=\"column-3\">\u00d6vrigt<\/th>\n<\/tr>\n<\/thead>\n<tbody class=\"row-striping row-hover\">\n<tr class=\"row-2\">\n\t<td class=\"column-1\">Medlemskap Tre Aviat\u00f6rerna Junior upp till 21 \u00e5r<\/td><td class=\"column-2\">200kr<\/td><td class=\"column-3\"><\/td>\n<\/tr>\n<tr class=\"row-3\">\n\t<td class=\"column-1\">Medlemskap Tre Aviat\u00f6rerna Senior fr\u00e5n 21 \u00e5r<\/td><td class=\"column-2\">600kr<\/td><td class=\"column-3\"><\/td>\n<\/tr>\n<tr class=\"row-4\">\n\t<td class=\"column-1\">Familjemedlem<\/td><td class=\"column-2\">100kr<\/td><td class=\"column-3\">Avser medlemmar ur samma hush\u00e5ll som en fullbetalande. Man m\u00e5ste vara medlem i antingen SMFF eller RCFF f\u00f6r att vara f\u00f6rs\u00e4krad och f\u00e5 flyga p\u00e5 v\u00e5rt f\u00e4lt.<\/td>\n<\/tr>\n<tr class=\"row-5\">\n\t<td class=\"column-1\">St\u00f6dmedlem<\/td><td class=\"column-2\">200kr<\/td><td class=\"column-3\">\tPassiva medlemmar, eller SMFF\/RCFF ansluten i annan klubb<\/td>\n<\/tr>\n<tr class=\"row-6\">\n\t<td class=\"column-1\">Medlemskap i SMFF<br \/>\n<\/td><td class=\"column-2\">125kr<\/td><td class=\"column-3\">Man m\u00e5ste vara medlem i antingen SMFF eller RCFF f\u00f6r att vara f\u00f6rs\u00e4krad och f\u00e5 flyga p\u00e5 v\u00e5rt f\u00e4lt<\/td>\n<\/tr>\n<tr class=\"row-7\">\n\t<td class=\"column-1\">Medlemskap i RCFF<br \/>\n<br \/>\nOBS! Medl.avg. i RCFF betalas numera direkt till RCFF, ej via v\u00e5r klubb!<\/td><td class=\"column-2\">100kr<\/td><td class=\"column-3\">Man m\u00e5ste vara medlem i antingen SMFF eller RCFF f\u00f6r att vara f\u00f6rs\u00e4krad och f\u00e5 flyga p\u00e5 v\u00e5rt f\u00e4lt<\/td>\n<\/tr>\n<\/tbody>\n<\/table>\n<!-- #tablepress-1 from cache -->\r\n","protected":false},"excerpt":{"rendered":"<p>Som medlem i MK III AVIAT\u00d6RER erh\u00e5ller du f\u00f6rutom hj\u00e4lp och kamratskap, m\u00f6jligheten att skolflyga med dubbelkommando. Medlemmar som vill t\u00e4vla officiellt m\u00e5ste vara medlemmar i SMFF. Medlemmar som flyger aktivt m\u00e5ste vara registrerade som medlemmar hos SMFF eller RCFF f\u00f6r att vara f\u00f6rs\u00e4krade vid flygning, vilket \u00e4r ett krav <a href=\"https:\/\/treaviatorer.se\/?page_id=100\" class=\"btn btn-link continue-link\">Forts\u00e4tt l\u00e4sa<\/a><\/p>\n","protected":false},"author":1,"featured_media":0,"parent":0,"menu_order":0,"comment_status":"closed","ping_status":"closed","template":"","meta":{"footnotes":""},"class_list":["post-100","page","type-page","status-publish","hentry"],"_links":{"self":[{"href":"https:\/\/treaviatorer.se\/index.php?rest_route=\/wp\/v2\/pages\/100","targetHints":{"allow":["GET"]}}],"collection":[{"href":"https:\/\/treaviatorer.se\/index.php?rest_route=\/wp\/v2\/pages"}],"about":[{"href":"https:\/\/treaviatorer.se\/index.php?rest_route=\/wp\/v2\/types\/page"}],"author":[{"embeddable":true,"href":"https:\/\/treaviatorer.se\/index.php?rest_route=\/wp\/v2\/users\/1"}],"replies":[{"embeddable":true,"href":"https:\/\/treaviatorer.se\/index.php?rest_route=%2Fwp%2Fv2%2Fcomments&post=100"}],"version-history":[{"count":11,"href":"https:\/\/treaviatorer.se\/index.php?rest_route=\/wp\/v2\/pages\/100\/revisions"}],"predecessor-version":[{"id":1740,"href":"https:\/\/treaviatorer.se\/index.php?rest_route=\/wp\/v2\/pages\/100\/revisions\/1740"}],"wp:attachment":[{"href":"https:\/\/treaviatorer.se\/index.php?rest_route=%2Fwp%2Fv2%2Fmedia&parent=100"}],"curies":[{"name":"wp","href":"https:\/\/api.w.org\/{rel}","templated":true}]}}